{"id":92,"date":"2021-01-30T18:46:51","date_gmt":"2021-01-30T17:46:51","guid":{"rendered":"http:\/\/web.feuerwehr-wolfershausen.de\/?page_id=92"},"modified":"2023-06-21T11:32:44","modified_gmt":"2023-06-21T09:32:44","slug":"verein","status":"publish","type":"page","link":"https:\/\/www.feuerwehr-wolfershausen.de\/?page_id=92","title":{"rendered":"Verein"},"content":{"rendered":"\t\t<div data-elementor-type=\"wp-page\" data-elementor-id=\"92\" class=\"elementor elementor-92\">\n\t\t\t\t\t\t<section class=\"elementor-section elementor-top-section elementor-element elementor-element-4c8a206d elementor-section-boxed elementor-section-height-default elementor-section-height-default\" data-id=\"4c8a206d\" data-element_type=\"section\">\n\t\t\t\t\t\t\t<div class=\"elementor-background-overlay\"><\/div>\n\t\t\t\t\t\t\t<div class=\"elementor-container elementor-column-gap-default\">\n\t\t\t\t\t<div class=\"elementor-column elementor-col-100 elementor-top-column elementor-element elementor-element-76ee6ff\" data-id=\"76ee6ff\" data-element_type=\"column\">\n\t\t\t<div class=\"elementor-widget-wrap elementor-element-populated\">\n\t\t\t\t\t\t<section class=\"elementor-section elementor-inner-section elementor-element elementor-element-621e9a44 elementor-section-content-middle elementor-section-boxed elementor-section-height-default elementor-section-height-default\" data-id=\"621e9a44\" data-element_type=\"section\">\n\t\t\t\t\t\t<div class=\"elementor-container elementor-column-gap-default\">\n\t\t\t\t\t<div class=\"elementor-column elementor-col-50 elementor-inner-column elementor-element elementor-element-7afd785f\" data-id=\"7afd785f\" data-element_type=\"column\" data-settings=\"{&quot;background_background&quot;:&quot;classic&quot;}\">\n\t\t\t<div class=\"elementor-widget-wrap elementor-element-populated\">\n\t\t\t\t\t\t<div class=\"elementor-element elementor-element-1081db4 elementor-widget elementor-widget-spacer\" data-id=\"1081db4\" data-element_type=\"widget\" data-widget_type=\"spacer.default\">\n\t\t\t\t<div class=\"elementor-widget-container\">\n\t\t\t\t\t<div class=\"elementor-spacer\">\n\t\t\t<div class=\"elementor-spacer-inner\"><\/div>\n\t\t<\/div>\n\t\t\t\t<\/div>\n\t\t\t\t<\/div>\n\t\t\t\t\t<\/div>\n\t\t<\/div>\n\t\t\t\t<div class=\"elementor-column elementor-col-50 elementor-inner-column elementor-element elementor-element-1d7a8410\" data-id=\"1d7a8410\" data-element_type=\"column\" data-settings=\"{&quot;background_background&quot;:&quot;classic&quot;}\">\n\t\t\t<div class=\"elementor-widget-wrap elementor-element-populated\">\n\t\t\t\t\t\t<div class=\"elementor-element elementor-element-219bfee9 elementor-widget elementor-widget-heading\" data-id=\"219bfee9\" data-element_type=\"widget\" data-widget_type=\"heading.default\">\n\t\t\t\t<div class=\"elementor-widget-container\">\n\t\t\t<h2 class=\"elementor-heading-title elementor-size-default\">Feuerwehrverein Wolfershausen<\/h2>\t\t<\/div>\n\t\t\t\t<\/div>\n\t\t\t\t<div class=\"elementor-element elementor-element-57b1300f elementor-widget elementor-widget-text-editor\" data-id=\"57b1300f\" data-element_type=\"widget\" data-widget_type=\"text-editor.default\">\n\t\t\t\t<div class=\"elementor-widget-container\">\n\t\t\t\t\t\t\t<p class=\"MsoNormal\"><span style=\"font-family:&quot;Arial&quot;,sans-serif\">Der Verein der Freiwilligen Feuerwehr Wolfershausen ist neben der Einsatzabteilung eine eigenst\u00e4ndige Organisation der Feuerwehr, welches stand heute rund 280 Mitglieder z\u00e4hlt. <span style=\"color:#202122;background:white\">Die Mitgliedschaft im Feuerwehrverein ist in der Regel unabh\u00e4ngig vom aktiven Dienst in der jeweiligen Freiwilligen Feuerwehr, jedoch sind unsere Einsatzkr\u00e4fte meist gleichzeitig Mitglieder<br>\nbeider Organisationen. <\/span><\/span><\/p>\n<p class=\"MsoNormal\"><span style=\"font-family:&quot;Arial&quot;,sans-serif;color:#202122; background:white\">Wir finanzieren uns haupts\u00e4chlich durch Spenden und Mitgliedsbeitr\u00e4ge und f\u00f6rdern mit diesen Geldern den Brandschutz in Wolfershausen auf unterschiedlichste Art- und Weise. Es werden z.B. gr\u00f6\u00dfere Ger\u00e4te angeschafft oder bezuschusst, die nicht komplett von den \u00fcbergeordneten Organen \u00fcbernommen werden k\u00f6nnen. Spezielle L\u00f6schaggregate wie der Power-Jet, eine W\u00e4rmebildkamera f\u00fcr das Durchsuchen verrauchter R\u00e4ume, oder sogar der Feuerwehrbus zur Bef\u00f6rderung unserer Einsatzkr\u00e4fte zur Einsatzstelle, waren ein paar unserer letzten Anschaffungen. <\/span><\/p>\n<p class=\"MsoNormal\"><span style=\"font-family:&quot;Arial&quot;,sans-serif;color:#202122; background:white\">Auch die finanzielle und tatkr\u00e4ftige Unterst\u00fctzung von weiteren Vereinsorganisationen wie unserer Bambinis oder die Jugendfeuerwehr sind unsere Aufgabe. Dar\u00fcber hinaus sorgen wir mit dem Ausrichten von Festen oder Veranstaltungen f\u00fcr den Zusammenhalt der Wehr und f\u00f6rdern durch gemeinsame Aktivit\u00e4ten und der \u00d6ffentlichkeitsarbeit im Dorf die Gewinnung neuer<br>\nMitglieder und Nachwuchskr\u00e4fte.<\/span><\/p><style>@font-face<br \/>\n\t{font-family:Wingdings;<br \/>\n\tpanose-1:5 0 0 0 0 0 0 0 0 0;<br \/>\n\tmso-font-charset:2;<br \/>\n\tmso-generic-font-family:auto;<br \/>\n\tmso-font-pitch:variable;<br \/>\n\tmso-font-signature:0 268435456 0 0 -2147483648 0;}@font-face<br \/>\n\t{font-family:\"Cambria Math\";<br \/>\n\tpanose-1:2 4 5 3 5 4 6 3 2 4;<br \/>\n\tmso-font-charset:0;<br \/>\n\tmso-generic-font-family:roman;<br \/>\n\tmso-font-pitch:variable;<br \/>\n\tmso-font-signature:3 0 0 0 1 0;}@font-face<br \/>\n\t{font-family:Calibri;<br \/>\n\tpanose-1:2 15 5 2 2 2 4 3 2 4;<br \/>\n\tmso-font-charset:0;<br \/>\n\tmso-generic-font-family:swiss;<br \/>\n\tmso-font-pitch:variable;<br \/>\n\tmso-font-signature:-536859905 -1073697537 9 0 511 0;}p.MsoNormal, li.MsoNormal, div.MsoNormal<br \/>\n\t{mso-style-unhide:no;<br \/>\n\tmso-style-qformat:yes;<br \/>\n\tmso-style-parent:\"\";<br \/>\n\tmargin-top:0cm;<br \/>\n\tmargin-right:0cm;<br \/>\n\tmargin-bottom:8.0pt;<br \/>\n\tmargin-left:0cm;<br \/>\n\tline-height:107%;<br \/>\n\tmso-pagination:widow-orphan;<br \/>\n\tfont-size:11.0pt;<br \/>\n\tfont-family:\"Calibri\",sans-serif;<br \/>\n\tmso-ascii-font-family:Calibri;<br \/>\n\tmso-ascii-theme-font:minor-latin;<br \/>\n\tmso-fareast-font-family:Calibri;<br \/>\n\tmso-fareast-theme-font:minor-latin;<br \/>\n\tmso-hansi-font-family:Calibri;<br \/>\n\tmso-hansi-theme-font:minor-latin;<br \/>\n\tmso-bidi-font-family:\"Times New Roman\";<br \/>\n\tmso-bidi-theme-font:minor-bidi;<br \/>\n\tmso-fareast-language:EN-US;}p.MsoListParagraph, li.MsoListParagraph, div.MsoListParagraph<br \/>\n\t{mso-style-priority:34;<br \/>\n\tmso-style-unhide:no;<br \/>\n\tmso-style-qformat:yes;<br \/>\n\tmargin-top:0cm;<br \/>\n\tmargin-right:0cm;<br \/>\n\tmargin-bottom:8.0pt;<br \/>\n\tmargin-left:36.0pt;<br \/>\n\tmso-add-space:auto;<br \/>\n\tline-height:107%;<br \/>\n\tmso-pagination:widow-orphan;<br \/>\n\tfont-size:11.0pt;<br \/>\n\tfont-family:\"Calibri\",sans-serif;<br \/>\n\tmso-ascii-font-family:Calibri;<br \/>\n\tmso-ascii-theme-font:minor-latin;<br \/>\n\tmso-fareast-font-family:Calibri;<br \/>\n\tmso-fareast-theme-font:minor-latin;<br \/>\n\tmso-hansi-font-family:Calibri;<br \/>\n\tmso-hansi-theme-font:minor-latin;<br \/>\n\tmso-bidi-font-family:\"Times New Roman\";<br \/>\n\tmso-bidi-theme-font:minor-bidi;<br \/>\n\tmso-fareast-language:EN-US;}p.MsoListParagraphCxSpFirst, li.MsoListParagraphCxSpFirst, div.MsoListParagraphCxSpFirst<br \/>\n\t{mso-style-priority:34;<br \/>\n\tmso-style-unhide:no;<br \/>\n\tmso-style-qformat:yes;<br \/>\n\tmso-style-type:export-only;<br \/>\n\tmargin-top:0cm;<br \/>\n\tmargin-right:0cm;<br \/>\n\tmargin-bottom:0cm;<br \/>\n\tmargin-left:36.0pt;<br \/>\n\tmso-add-space:auto;<br \/>\n\tline-height:107%;<br \/>\n\tmso-pagination:widow-orphan;<br \/>\n\tfont-size:11.0pt;<br \/>\n\tfont-family:\"Calibri\",sans-serif;<br \/>\n\tmso-ascii-font-family:Calibri;<br \/>\n\tmso-ascii-theme-font:minor-latin;<br \/>\n\tmso-fareast-font-family:Calibri;<br \/>\n\tmso-fareast-theme-font:minor-latin;<br \/>\n\tmso-hansi-font-family:Calibri;<br \/>\n\tmso-hansi-theme-font:minor-latin;<br \/>\n\tmso-bidi-font-family:\"Times New Roman\";<br \/>\n\tmso-bidi-theme-font:minor-bidi;<br \/>\n\tmso-fareast-language:EN-US;}p.MsoListParagraphCxSpMiddle, li.MsoListParagraphCxSpMiddle, div.MsoListParagraphCxSpMiddle<br \/>\n\t{mso-style-priority:34;<br \/>\n\tmso-style-unhide:no;<br \/>\n\tmso-style-qformat:yes;<br \/>\n\tmso-style-type:export-only;<br \/>\n\tmargin-top:0cm;<br \/>\n\tmargin-right:0cm;<br \/>\n\tmargin-bottom:0cm;<br \/>\n\tmargin-left:36.0pt;<br \/>\n\tmso-add-space:auto;<br \/>\n\tline-height:107%;<br \/>\n\tmso-pagination:widow-orphan;<br \/>\n\tfont-size:11.0pt;<br \/>\n\tfont-family:\"Calibri\",sans-serif;<br \/>\n\tmso-ascii-font-family:Calibri;<br \/>\n\tmso-ascii-theme-font:minor-latin;<br \/>\n\tmso-fareast-font-family:Calibri;<br \/>\n\tmso-fareast-theme-font:minor-latin;<br \/>\n\tmso-hansi-font-family:Calibri;<br \/>\n\tmso-hansi-theme-font:minor-latin;<br \/>\n\tmso-bidi-font-family:\"Times New Roman\";<br \/>\n\tmso-bidi-theme-font:minor-bidi;<br \/>\n\tmso-fareast-language:EN-US;}p.MsoListParagraphCxSpLast, li.MsoListParagraphCxSpLast, div.MsoListParagraphCxSpLast<br \/>\n\t{mso-style-priority:34;<br \/>\n\tmso-style-unhide:no;<br \/>\n\tmso-style-qformat:yes;<br \/>\n\tmso-style-type:export-only;<br \/>\n\tmargin-top:0cm;<br \/>\n\tmargin-right:0cm;<br \/>\n\tmargin-bottom:8.0pt;<br \/>\n\tmargin-left:36.0pt;<br \/>\n\tmso-add-space:auto;<br \/>\n\tline-height:107%;<br \/>\n\tmso-pagination:widow-orphan;<br \/>\n\tfont-size:11.0pt;<br \/>\n\tfont-family:\"Calibri\",sans-serif;<br \/>\n\tmso-ascii-font-family:Calibri;<br \/>\n\tmso-ascii-theme-font:minor-latin;<br \/>\n\tmso-fareast-font-family:Calibri;<br \/>\n\tmso-fareast-theme-font:minor-latin;<br \/>\n\tmso-hansi-font-family:Calibri;<br \/>\n\tmso-hansi-theme-font:minor-latin;<br \/>\n\tmso-bidi-font-family:\"Times New Roman\";<br \/>\n\tmso-bidi-theme-font:minor-bidi;<br \/>\n\tmso-fareast-language:EN-US;}.MsoChpDefault<br \/>\n\t{mso-style-type:export-only;<br \/>\n\tmso-default-props:yes;<br \/>\n\tfont-size:11.0pt;<br \/>\n\tmso-ansi-font-size:11.0pt;<br \/>\n\tmso-bidi-font-size:11.0pt;<br \/>\n\tfont-family:\"Calibri\",sans-serif;<br \/>\n\tmso-ascii-font-family:Calibri;<br \/>\n\tmso-ascii-theme-font:minor-latin;<br \/>\n\tmso-fareast-font-family:Calibri;<br \/>\n\tmso-fareast-theme-font:minor-latin;<br \/>\n\tmso-hansi-font-family:Calibri;<br \/>\n\tmso-hansi-theme-font:minor-latin;<br \/>\n\tmso-bidi-font-family:\"Times New Roman\";<br \/>\n\tmso-bidi-theme-font:minor-bidi;<br \/>\n\tmso-fareast-language:EN-US;}.MsoPapDefault<br \/>\n\t{mso-style-type:export-only;<br \/>\n\tmargin-bottom:8.0pt;<br \/>\n\tline-height:107%;}div.WordSection1<br \/>\n\t{page:WordSection1;}ol<br \/>\n\t{margin-bottom:0cm;}ul<br \/>\n\t{margin-bottom:0cm;}<\/style>\n<p><style>@font-face<br \/>\t{font-family:Wingdings;<br \/>\tpanose-1:5 0 0 0 0 0 0 0 0 0;<br \/>\tmso-font-charset:2;<br \/>\tmso-generic-font-family:auto;<br \/>\tmso-font-pitch:variable;<br \/>\tmso-font-signature:0 268435456 0 0 -2147483648 0;}@font-face<br \/>\t{font-family:\"Cambria Math\";<br \/>\tpanose-1:2 4 5 3 5 4 6 3 2 4;<br \/>\tmso-font-charset:0;<br \/>\tmso-generic-font-family:roman;<br \/>\tmso-font-pitch:variable;<br \/>\tmso-font-signature:3 0 0 0 1 0;}@font-face<br \/>\t{font-family:Calibri;<br \/>\tpanose-1:2 15 5 2 2 2 4 3 2 4;<br \/>\tmso-font-charset:0;<br \/>\tmso-generic-font-family:swiss;<br \/>\tmso-font-pitch:variable;<br \/>\tmso-font-signature:-536859905 -1073697537 9 0 511 0;}p.MsoNormal, li.MsoNormal, div.MsoNormal<br \/>\t{mso-style-unhide:no;<br \/>\tmso-style-qformat:yes;<br \/>\tmso-style-parent:\"\";<br \/>\tmargin-top:0cm;<br \/>\tmargin-right:0cm;<br \/>\tmargin-bottom:8.0pt;<br \/>\tmargin-left:0cm;<br \/>\tline-height:107%;<br \/>\tmso-pagination:widow-orphan;<br \/>\tfont-size:11.0pt;<br \/>\tfont-family:\"Calibri\",sans-serif;<br \/>\tmso-ascii-font-family:Calibri;<br \/>\tmso-ascii-theme-font:minor-latin;<br \/>\tmso-fareast-font-family:Calibri;<br \/>\tmso-fareast-theme-font:minor-latin;<br \/>\tmso-hansi-font-family:Calibri;<br \/>\tmso-hansi-theme-font:minor-latin;<br \/>\tmso-bidi-font-family:\"Times New Roman\";<br \/>\tmso-bidi-theme-font:minor-bidi;<br \/>\tmso-fareast-language:EN-US;}p.MsoListParagraph, li.MsoListParagraph, div.MsoListParagraph<br \/>\t{mso-style-priority:34;<br \/>\tmso-style-unhide:no;<br \/>\tmso-style-qformat:yes;<br \/>\tmargin-top:0cm;<br \/>\tmargin-right:0cm;<br \/>\tmargin-bottom:8.0pt;<br \/>\tmargin-left:36.0pt;<br \/>\tmso-add-space:auto;<br \/>\tline-height:107%;<br \/>\tmso-pagination:widow-orphan;<br \/>\tfont-size:11.0pt;<br \/>\tfont-family:\"Calibri\",sans-serif;<br \/>\tmso-ascii-font-family:Calibri;<br \/>\tmso-ascii-theme-font:minor-latin;<br \/>\tmso-fareast-font-family:Calibri;<br \/>\tmso-fareast-theme-font:minor-latin;<br \/>\tmso-hansi-font-family:Calibri;<br \/>\tmso-hansi-theme-font:minor-latin;<br \/>\tmso-bidi-font-family:\"Times New Roman\";<br \/>\tmso-bidi-theme-font:minor-bidi;<br \/>\tmso-fareast-language:EN-US;}p.MsoListParagraphCxSpFirst, li.MsoListParagraphCxSpFirst, div.MsoListParagraphCxSpFirst<br \/>\t{mso-style-priority:34;<br \/>\tmso-style-unhide:no;<br \/>\tmso-style-qformat:yes;<br \/>\tmso-style-type:export-only;<br \/>\tmargin-top:0cm;<br \/>\tmargin-right:0cm;<br \/>\tmargin-bottom:0cm;<br \/>\tmargin-left:36.0pt;<br \/>\tmso-add-space:auto;<br \/>\tline-height:107%;<br \/>\tmso-pagination:widow-orphan;<br \/>\tfont-size:11.0pt;<br \/>\tfont-family:\"Calibri\",sans-serif;<br \/>\tmso-ascii-font-family:Calibri;<br \/>\tmso-ascii-theme-font:minor-latin;<br \/>\tmso-fareast-font-family:Calibri;<br \/>\tmso-fareast-theme-font:minor-latin;<br \/>\tmso-hansi-font-family:Calibri;<br \/>\tmso-hansi-theme-font:minor-latin;<br \/>\tmso-bidi-font-family:\"Times New Roman\";<br \/>\tmso-bidi-theme-font:minor-bidi;<br \/>\tmso-fareast-language:EN-US;}p.MsoListParagraphCxSpMiddle, li.MsoListParagraphCxSpMiddle, div.MsoListParagraphCxSpMiddle<br \/>\t{mso-style-priority:34;<br \/>\tmso-style-unhide:no;<br \/>\tmso-style-qformat:yes;<br \/>\tmso-style-type:export-only;<br \/>\tmargin-top:0cm;<br \/>\tmargin-right:0cm;<br \/>\tmargin-bottom:0cm;<br \/>\tmargin-left:36.0pt;<br \/>\tmso-add-space:auto;<br \/>\tline-height:107%;<br \/>\tmso-pagination:widow-orphan;<br \/>\tfont-size:11.0pt;<br \/>\tfont-family:\"Calibri\",sans-serif;<br \/>\tmso-ascii-font-family:Calibri;<br \/>\tmso-ascii-theme-font:minor-latin;<br \/>\tmso-fareast-font-family:Calibri;<br \/>\tmso-fareast-theme-font:minor-latin;<br \/>\tmso-hansi-font-family:Calibri;<br \/>\tmso-hansi-theme-font:minor-latin;<br \/>\tmso-bidi-font-family:\"Times New Roman\";<br \/>\tmso-bidi-theme-font:minor-bidi;<br \/>\tmso-fareast-language:EN-US;}p.MsoListParagraphCxSpLast, li.MsoListParagraphCxSpLast, div.MsoListParagraphCxSpLast<br \/>\t{mso-style-priority:34;<br \/>\tmso-style-unhide:no;<br \/>\tmso-style-qformat:yes;<br \/>\tmso-style-type:export-only;<br \/>\tmargin-top:0cm;<br \/>\tmargin-right:0cm;<br \/>\tmargin-bottom:8.0pt;<br \/>\tmargin-left:36.0pt;<br \/>\tmso-add-space:auto;<br \/>\tline-height:107%;<br \/>\tmso-pagination:widow-orphan;<br \/>\tfont-size:11.0pt;<br \/>\tfont-family:\"Calibri\",sans-serif;<br \/>\tmso-ascii-font-family:Calibri;<br \/>\tmso-ascii-theme-font:minor-latin;<br \/>\tmso-fareast-font-family:Calibri;<br \/>\tmso-fareast-theme-font:minor-latin;<br \/>\tmso-hansi-font-family:Calibri;<br \/>\tmso-hansi-theme-font:minor-latin;<br \/>\tmso-bidi-font-family:\"Times New Roman\";<br \/>\tmso-bidi-theme-font:minor-bidi;<br \/>\tmso-fareast-language:EN-US;}.MsoChpDefault<br \/>\t{mso-style-type:export-only;<br \/>\tmso-default-props:yes;<br \/>\tfont-size:11.0pt;<br \/>\tmso-ansi-font-size:11.0pt;<br \/>\tmso-bidi-font-size:11.0pt;<br \/>\tfont-family:\"Calibri\",sans-serif;<br \/>\tmso-ascii-font-family:Calibri;<br \/>\tmso-ascii-theme-font:minor-latin;<br \/>\tmso-fareast-font-family:Calibri;<br \/>\tmso-fareast-theme-font:minor-latin;<br \/>\tmso-hansi-font-family:Calibri;<br \/>\tmso-hansi-theme-font:minor-latin;<br \/>\tmso-bidi-font-family:\"Times New Roman\";<br \/>\tmso-bidi-theme-font:minor-bidi;<br \/>\tmso-fareast-language:EN-US;}.MsoPapDefault<br \/>\t{mso-style-type:export-only;<br \/>\tmargin-bottom:8.0pt;<br \/>\tline-height:107%;}div.WordSection1<br \/>\t{page:WordSection1;}ol<br \/>\t{margin-bottom:0cm;}ul<br \/>\t{margin-bottom:0cm;}<\/style>\n<\/p>\t\t\t\t\t\t<\/div>\n\t\t\t\t<\/div>\n\t\t\t\t<div class=\"elementor-element elementor-element-0f529a2 elementor-widget elementor-widget-text-editor\" data-id=\"0f529a2\" data-element_type=\"widget\" data-widget_type=\"text-editor.default\">\n\t\t\t\t<div class=\"elementor-widget-container\">\n\t\t\t\t\t\t\t<p><b>Ansprechpartner<br>Michael W\u00f6lling<\/b><\/p><p>0172 &#8211; 1022481<br><\/p>\t\t\t\t\t\t<\/div>\n\t\t\t\t<\/div>\n\t\t\t\t\t<\/div>\n\t\t<\/div>\n\t\t\t\t\t<\/div>\n\t\t<\/section>\n\t\t\t\t\t<\/div>\n\t\t<\/div>\n\t\t\t\t\t<\/div>\n\t\t<\/section>\n\t\t\t\t<\/div>\n\t\t","protected":false},"excerpt":{"rendered":"<p>Feuerwehrverein Wolfershausen Der Verein der Freiwilligen Feuerwehr Wolfershausen ist neben der Einsatzabteilung eine eigenst\u00e4ndige Organisation der Feuerwehr, welches stand heute rund 280 Mitglieder z\u00e4hlt. Die Mitgliedschaft im Feuerwehrverein ist in der Regel unabh\u00e4ngig vom aktiven Dienst in der jeweiligen Freiwilligen Feuerwehr, jedoch sind unsere Einsatzkr\u00e4fte meist gleichzeitig Mitglieder beider Organisationen. Wir finanzieren uns haupts\u00e4chlich durch [&hellip;]<\/p>\n","protected":false},"author":4,"featured_media":0,"parent":0,"menu_order":0,"comment_status":"closed","ping_status":"closed","template":"","meta":{"footnotes":""},"_links":{"self":[{"href":"https:\/\/www.feuerwehr-wolfershausen.de\/index.php?rest_route=\/wp\/v2\/pages\/92"}],"collection":[{"href":"https:\/\/www.feuerwehr-wolfershausen.de\/index.php?rest_route=\/wp\/v2\/pages"}],"about":[{"href":"https:\/\/www.feuerwehr-wolfershausen.de\/index.php?rest_route=\/wp\/v2\/types\/page"}],"author":[{"embeddable":true,"href":"https:\/\/www.feuerwehr-wolfershausen.de\/index.php?rest_route=\/wp\/v2\/users\/4"}],"replies":[{"embeddable":true,"href":"https:\/\/www.feuerwehr-wolfershausen.de\/index.php?rest_route=%2Fwp%2Fv2%2Fcomments&post=92"}],"version-history":[{"count":13,"href":"https:\/\/www.feuerwehr-wolfershausen.de\/index.php?rest_route=\/wp\/v2\/pages\/92\/revisions"}],"predecessor-version":[{"id":557,"href":"https:\/\/www.feuerwehr-wolfershausen.de\/index.php?rest_route=\/wp\/v2\/pages\/92\/revisions\/557"}],"wp:attachment":[{"href":"https:\/\/www.feuerwehr-wolfershausen.de\/index.php?rest_route=%2Fwp%2Fv2%2Fmedia&parent=92"}],"curies":[{"name":"wp","href":"https:\/\/api.w.org\/{rel}","templated":true}]}}