{"id":83,"date":"2021-01-30T18:45:05","date_gmt":"2021-01-30T17:45:05","guid":{"rendered":"http:\/\/web.feuerwehr-wolfershausen.de\/?page_id=83"},"modified":"2025-03-17T10:06:20","modified_gmt":"2025-03-17T09:06:20","slug":"jugendfeuerwehr","status":"publish","type":"page","link":"https:\/\/www.feuerwehr-wolfershausen.de\/?page_id=83","title":{"rendered":"Jugendfeuerwehr"},"content":{"rendered":"\t\t<div data-elementor-type=\"wp-page\" data-elementor-id=\"83\" class=\"elementor elementor-83\">\n\t\t\t\t\t\t<section class=\"elementor-section elementor-top-section elementor-element elementor-element-29dc7742 elementor-section-boxed elementor-section-height-default elementor-section-height-default\" data-id=\"29dc7742\" data-element_type=\"section\">\n\t\t\t\t\t\t\t<div class=\"elementor-background-overlay\"><\/div>\n\t\t\t\t\t\t\t<div class=\"elementor-container elementor-column-gap-default\">\n\t\t\t\t\t<div class=\"elementor-column elementor-col-100 elementor-top-column elementor-element elementor-element-53c6603b\" data-id=\"53c6603b\" data-element_type=\"column\">\n\t\t\t<div class=\"elementor-widget-wrap elementor-element-populated\">\n\t\t\t\t\t\t<section class=\"elementor-section elementor-inner-section elementor-element elementor-element-57b59d6a elementor-section-content-middle elementor-section-boxed elementor-section-height-default elementor-section-height-default\" data-id=\"57b59d6a\" data-element_type=\"section\">\n\t\t\t\t\t\t<div class=\"elementor-container elementor-column-gap-default\">\n\t\t\t\t\t<div class=\"elementor-column elementor-col-50 elementor-inner-column elementor-element elementor-element-13435b02\" data-id=\"13435b02\" data-element_type=\"column\" data-settings=\"{&quot;background_background&quot;:&quot;classic&quot;}\">\n\t\t\t<div class=\"elementor-widget-wrap elementor-element-populated\">\n\t\t\t\t\t\t<div class=\"elementor-element elementor-element-2288826c elementor-widget elementor-widget-spacer\" data-id=\"2288826c\" data-element_type=\"widget\" data-widget_type=\"spacer.default\">\n\t\t\t\t<div class=\"elementor-widget-container\">\n\t\t\t\t\t<div class=\"elementor-spacer\">\n\t\t\t<div class=\"elementor-spacer-inner\"><\/div>\n\t\t<\/div>\n\t\t\t\t<\/div>\n\t\t\t\t<\/div>\n\t\t\t\t\t<\/div>\n\t\t<\/div>\n\t\t\t\t<div class=\"elementor-column elementor-col-50 elementor-inner-column elementor-element elementor-element-54e5b162\" data-id=\"54e5b162\" data-element_type=\"column\">\n\t\t\t<div class=\"elementor-widget-wrap elementor-element-populated\">\n\t\t\t\t\t\t<div class=\"elementor-element elementor-element-2496feb6 elementor-widget elementor-widget-heading\" data-id=\"2496feb6\" data-element_type=\"widget\" data-widget_type=\"heading.default\">\n\t\t\t\t<div class=\"elementor-widget-container\">\n\t\t\t<h2 class=\"elementor-heading-title elementor-size-default\">Jugendfeuerwehr<\/h2>\t\t<\/div>\n\t\t\t\t<\/div>\n\t\t\t\t<div class=\"elementor-element elementor-element-1a559bee elementor-widget elementor-widget-text-editor\" data-id=\"1a559bee\" data-element_type=\"widget\" data-widget_type=\"text-editor.default\">\n\t\t\t\t<div class=\"elementor-widget-container\">\n\t\t\t\t\t\t\t<p>Wir sind eine bunte Gruppe von jungen Menschen im Alter zwischen 10 und 18 Jahren, die sich f\u00fcr den Brandschutz und die Hilfeleistung interessieren. Wir lernen spielerisch, wie man Feuer l\u00f6scht, Verletzte rettet und wie man im Notfall richtig handelt. Dabei steht bei uns vor allem der Spa\u00df im Vordergrund &#8211; denn bei uns ist jeder herzlich willkommen und wir wollen uns gemeinsam weiterentwickeln.<\/p><p>In unserer Jugendfeuerwehr kannst du Freundschaften schlie\u00dfen, Teamgeist erleben und dich pers\u00f6nlich weiterentwickeln. Wir bieten dir eine tolle Gemeinschaft, in der du dich wohl f\u00fchlen und deine Freizeit sinnvoll gestalten kannst. Unsere erfahrenen Betreuer stehen dir dabei immer mit Rat und Tat zur Seite.<\/p><p>Neben dem \u00dcben und Lernen nehmen wir auch an Wettbewerben und Veranstaltungen teil, bei denen wir unser K\u00f6nnen unter Beweis stellen k\u00f6nnen. So erlebst du spannende Abenteuer und sammelst unvergessliche Erfahrungen.<\/p><p>Wenn du Interesse an der Jugendarbeit der Freiwilligen Feuerwehr Felsberg-Wolfershausen hast, dann melde dich einfach bei uns oder komm zu einem unserer \u00dcbungsabende vorbei. Wir freuen uns darauf, dich kennenzulernen!<\/p><p>\u00a0<\/p>\t\t\t\t\t\t<\/div>\n\t\t\t\t<\/div>\n\t\t\t\t<div class=\"elementor-element elementor-element-59b3bac elementor-widget elementor-widget-text-editor\" data-id=\"59b3bac\" data-element_type=\"widget\" data-widget_type=\"text-editor.default\">\n\t\t\t\t<div class=\"elementor-widget-container\">\n\t\t\t\t\t\t\t<p><b>Ansprechpartner:<br \/>Theresa Grenzebach<\/b><\/p><p>0176 &#8211; 45975136<\/p>\t\t\t\t\t\t<\/div>\n\t\t\t\t<\/div>\n\t\t\t\t<div class=\"elementor-element elementor-element-c99eacd elementor-widget elementor-widget-spacer\" data-id=\"c99eacd\" data-element_type=\"widget\" data-widget_type=\"spacer.default\">\n\t\t\t\t<div class=\"elementor-widget-container\">\n\t\t\t\t\t<div class=\"elementor-spacer\">\n\t\t\t<div class=\"elementor-spacer-inner\"><\/div>\n\t\t<\/div>\n\t\t\t\t<\/div>\n\t\t\t\t<\/div>\n\t\t\t\t\t<\/div>\n\t\t<\/div>\n\t\t\t\t\t<\/div>\n\t\t<\/section>\n\t\t\t\t\t<\/div>\n\t\t<\/div>\n\t\t\t\t\t<\/div>\n\t\t<\/section>\n\t\t\t\t<\/div>\n\t\t","protected":false},"excerpt":{"rendered":"<p>Jugendfeuerwehr Wir sind eine bunte Gruppe von jungen Menschen im Alter zwischen 10 und 18 Jahren, die sich f\u00fcr den Brandschutz und die Hilfeleistung interessieren. Wir lernen spielerisch, wie man Feuer l\u00f6scht, Verletzte rettet und wie man im Notfall richtig handelt. Dabei steht bei uns vor allem der Spa\u00df im Vordergrund &#8211; denn bei uns [&hellip;]<\/p>\n","protected":false},"author":4,"featured_media":0,"parent":0,"menu_order":0,"comment_status":"closed","ping_status":"closed","template":"","meta":{"footnotes":""},"_links":{"self":[{"href":"https:\/\/www.feuerwehr-wolfershausen.de\/index.php?rest_route=\/wp\/v2\/pages\/83"}],"collection":[{"href":"https:\/\/www.feuerwehr-wolfershausen.de\/index.php?rest_route=\/wp\/v2\/pages"}],"about":[{"href":"https:\/\/www.feuerwehr-wolfershausen.de\/index.php?rest_route=\/wp\/v2\/types\/page"}],"author":[{"embeddable":true,"href":"https:\/\/www.feuerwehr-wolfershausen.de\/index.php?rest_route=\/wp\/v2\/users\/4"}],"replies":[{"embeddable":true,"href":"https:\/\/www.feuerwehr-wolfershausen.de\/index.php?rest_route=%2Fwp%2Fv2%2Fcomments&post=83"}],"version-history":[{"count":23,"href":"https:\/\/www.feuerwehr-wolfershausen.de\/index.php?rest_route=\/wp\/v2\/pages\/83\/revisions"}],"predecessor-version":[{"id":728,"href":"https:\/\/www.feuerwehr-wolfershausen.de\/index.php?rest_route=\/wp\/v2\/pages\/83\/revisions\/728"}],"wp:attachment":[{"href":"https:\/\/www.feuerwehr-wolfershausen.de\/index.php?rest_route=%2Fwp%2Fv2%2Fmedia&parent=83"}],"curies":[{"name":"wp","href":"https:\/\/api.w.org\/{rel}","templated":true}]}}